{"id":16,"date":"2022-02-20T19:27:29","date_gmt":"2022-02-20T18:27:29","guid":{"rendered":"http:\/\/emrconr.cluster031.hosting.ovh.net\/?page_id=16"},"modified":"2025-03-09T21:26:49","modified_gmt":"2025-03-09T20:26:49","slug":"page-daccueil","status":"publish","type":"page","link":"https:\/\/emr-consulting.fr\/","title":{"rendered":"Accueil"},"content":{"rendered":"\n<p><\/p>\n\n\n\n<p><\/p>\n\n\n\n<p><\/p>\n\n\n\n<p><\/p>\n\n\n\n<p><\/p>\n\n\n\n<p><\/p>\n\n\n\n<p class=\"has-large-font-size\"><mark style=\"background-color:rgba(0, 0, 0, 0)\" class=\"has-inline-color has-vivid-cyan-blue-color\">EMR Consulting vous accompagne pour tous vos projets d\u2019objets connect\u00e9s<\/mark><\/p>\n\n\n\n<p class=\"has-text-align-right has-large-font-size\">                                      <mark style=\"background-color:rgba(0, 0, 0, 0)\" class=\"has-inline-color has-vivid-cyan-blue-color\">&#8230;De l\u2019id\u00e9e \u00e0 la r\u00e9alisation<\/mark><\/p>\n\n\n\n<p><\/p>\n\n\n\n<p><\/p>\n\n\n\n<p><\/p>\n\n\n\n<p><\/p>\n\n\n\n<h2 class=\"wp-block-heading\" id=\"ma-conviction-1\">A l&rsquo;origine, une conviction<\/h2>\n\n\n\n<p><\/p>\n\n\n\n<div class=\"wp-block-media-text alignwide is-stacked-on-mobile\"><figure class=\"wp-block-media-text__media\"><img loading=\"lazy\" decoding=\"async\" width=\"799\" height=\"600\" src=\"http:\/\/emrconr.cluster031.hosting.ovh.net\/wp-content\/uploads\/2022\/02\/Image1.jpg\" alt=\"\" class=\"wp-image-42 size-full\" srcset=\"https:\/\/emr-consulting.fr\/wp-content\/uploads\/2022\/02\/Image1.jpg 799w, https:\/\/emr-consulting.fr\/wp-content\/uploads\/2022\/02\/Image1-300x225.jpg 300w, https:\/\/emr-consulting.fr\/wp-content\/uploads\/2022\/02\/Image1-768x577.jpg 768w\" sizes=\"auto, (max-width: 799px) 100vw, 799px\" \/><\/figure><div class=\"wp-block-media-text__content\">\n<p style=\"font-size:18px\">La technologie ne doit pas \u00eatre un frein mais un moyen d\u2019arriver \u00e0 r\u00e9soudre votre probl\u00e9matique m\u00e9tier :<br>Pour r\u00e9ussir votre projet, <strong>faites vous accompagner <\/strong>d\u2019un expert en objets connect\u00e9s qui saura vous aider \u00e0 vous concentrer sur votre propre besoin en faisant abstraction, dans un premier temps, des consid\u00e9rations technologiques.<\/p>\n<\/div><\/div>\n\n\n\n<p><\/p>\n\n\n\n<h2 class=\"wp-block-heading\" id=\"des-l-amont-de-vos-projets\">D\u00e8s l&rsquo;amont de vos projets&#8230;<\/h2>\n\n\n\n<p><\/p>\n\n\n\n<div class=\"wp-block-media-text alignwide has-media-on-the-right is-stacked-on-mobile\"><div class=\"wp-block-media-text__content\">\n<p class=\"has-medium-font-size\">EMR Consulting vous accompagne dans :<\/p>\n\n\n\n<p>\u2022 La d\u00e9finition des vos projets et la compr\u00e9hension de vos besoins m\u00e9tier <br>\u2022 L\u2019analyse du potentiel march\u00e9 et simulation de ROI <br>\u2022 L\u2019identification des briques technologiques dont vous aurez besoin <br>\u2022 L\u2019identification des partenaires technologiques avec qui vous pourrez travailler <br>\u2022 L\u2019identification des capteurs ou objets connect\u00e9s dont vous aurez besoin<\/p>\n<\/div><figure class=\"wp-block-media-text__media\"><video controls src=\"https:\/\/emr-consulting.fr\/wp-content\/uploads\/2022\/02\/EMR-Consult.mp4\"><\/video><\/figure><\/div>\n\n\n\n<p><\/p>\n\n\n\n<h2 class=\"wp-block-heading has-text-align-right\" id=\"jusqu-en-phase-de-commercialisation\">&#8230; Jusqu&rsquo;en phase de commercialisation<\/h2>\n\n\n\n<p><\/p>\n\n\n\n<div class=\"wp-block-media-text alignwide is-stacked-on-mobile\"><figure class=\"wp-block-media-text__media\"><img loading=\"lazy\" decoding=\"async\" width=\"834\" height=\"625\" src=\"http:\/\/emrconr.cluster031.hosting.ovh.net\/wp-content\/uploads\/2022\/02\/Image2.jpg\" alt=\"\" class=\"wp-image-51 size-full\" srcset=\"https:\/\/emr-consulting.fr\/wp-content\/uploads\/2022\/02\/Image2.jpg 834w, https:\/\/emr-consulting.fr\/wp-content\/uploads\/2022\/02\/Image2-300x225.jpg 300w, https:\/\/emr-consulting.fr\/wp-content\/uploads\/2022\/02\/Image2-768x576.jpg 768w\" sizes=\"auto, (max-width: 834px) 100vw, 834px\" \/><\/figure><div class=\"wp-block-media-text__content\">\n<p class=\"has-medium-font-size\">EMR Consulting vous accompagne dans :<\/p>\n\n\n\n<p>\u2022 L&rsquo;analyses de march\u00e9s <br>\u2022 L&rsquo;accompagnement des clients pour l\u2019int\u00e9gration des objets connect\u00e9s dans leur syst\u00e8me d\u2019information <br>\u2022 L&rsquo;identification des distributeurs potentiels <br>\u2022 La mise en place des contrats de distribution <br>\u2022 L&rsquo;animation du r\u00e9seau de distributeurs <br>\u2022 Le support technique de premier niveau <br>\u2022 La repr\u00e9sentation sur des salons, animation de stand<\/p>\n<\/div><\/div>\n","protected":false},"excerpt":{"rendered":"<p>EMR Consulting vous accompagne pour tous vos projets d\u2019objets connect\u00e9s &#8230;De l\u2019id\u00e9e \u00e0 la r\u00e9alisation A l&rsquo;origine, une conviction La technologie ne doit pas \u00eatre un frein mais un moyen d\u2019arriver \u00e0 r\u00e9soudre votre probl\u00e9matique m\u00e9tier :Pour r\u00e9ussir votre projet, faites vous accompagner d\u2019un expert en objets connect\u00e9s qui saura vous aider \u00e0 vous concentrer [&hellip;]<\/p>\n","protected":false},"author":1,"featured_media":0,"parent":0,"menu_order":0,"comment_status":"closed","ping_status":"closed","template":"","meta":{"footnotes":""},"class_list":["post-16","page","type-page","status-publish","hentry"],"_links":{"self":[{"href":"https:\/\/emr-consulting.fr\/index.php\/wp-json\/wp\/v2\/pages\/16","targetHints":{"allow":["GET"]}}],"collection":[{"href":"https:\/\/emr-consulting.fr\/index.php\/wp-json\/wp\/v2\/pages"}],"about":[{"href":"https:\/\/emr-consulting.fr\/index.php\/wp-json\/wp\/v2\/types\/page"}],"author":[{"embeddable":true,"href":"https:\/\/emr-consulting.fr\/index.php\/wp-json\/wp\/v2\/users\/1"}],"replies":[{"embeddable":true,"href":"https:\/\/emr-consulting.fr\/index.php\/wp-json\/wp\/v2\/comments?post=16"}],"version-history":[{"count":13,"href":"https:\/\/emr-consulting.fr\/index.php\/wp-json\/wp\/v2\/pages\/16\/revisions"}],"predecessor-version":[{"id":80,"href":"https:\/\/emr-consulting.fr\/index.php\/wp-json\/wp\/v2\/pages\/16\/revisions\/80"}],"wp:attachment":[{"href":"https:\/\/emr-consulting.fr\/index.php\/wp-json\/wp\/v2\/media?parent=16"}],"curies":[{"name":"wp","href":"https:\/\/api.w.org\/{rel}","templated":true}]}}