{"id":17,"date":"2022-02-20T19:27:29","date_gmt":"2022-02-20T18:27:29","guid":{"rendered":"http:\/\/emrconr.cluster031.hosting.ovh.net\/?page_id=17"},"modified":"2022-02-20T19:53:15","modified_gmt":"2022-02-20T18:53:15","slug":"la-societe","status":"publish","type":"page","link":"https:\/\/emr-consulting.fr\/index.php\/la-societe\/","title":{"rendered":"La Soci\u00e9t\u00e9"},"content":{"rendered":"\n<p>Constitu\u00e9 en soci\u00e9t\u00e9 sous le r\u00e9gime auto-entrepreneur, en t\u00e9l\u00e9travail ou dans vos locaux, je limite ainsi les frais d\u2019infrastructure et de fonctionnement pour me concentrer sur les prestations que vous me confiez.<\/p>\n\n\n\n<p>Mobile et rompus aux d\u00e9placements, je vais \u00e0 la rencontre des clients et des march\u00e9s, sur les salons comme sur le terrain.<\/p>\n\n\n\n<div class=\"wp-block-image is-style-rounded\"><figure class=\"alignleft size-full is-resized\"><img loading=\"lazy\" decoding=\"async\" src=\"http:\/\/emrconr.cluster031.hosting.ovh.net\/wp-content\/uploads\/2022\/02\/Logo-EMR-Consulting-ss-fond.png\" alt=\"Logo entreprise\" class=\"wp-image-7\" width=\"421\" height=\"421\" srcset=\"https:\/\/emr-consulting.fr\/wp-content\/uploads\/2022\/02\/Logo-EMR-Consulting-ss-fond.png 500w, https:\/\/emr-consulting.fr\/wp-content\/uploads\/2022\/02\/Logo-EMR-Consulting-ss-fond-300x300.png 300w, https:\/\/emr-consulting.fr\/wp-content\/uploads\/2022\/02\/Logo-EMR-Consulting-ss-fond-150x150.png 150w\" sizes=\"auto, (max-width: 421px) 100vw, 421px\" \/><\/figure><\/div>\n\n\n\n<p class=\"has-text-align-center\">EMR Consulting<br>14 rue des Noisetiers<br>35410 Chateaugiron<br>FRANCE<\/p>\n\n\n\n<p class=\"has-text-align-center\">Tel : +33 6 80 31 71 08<\/p>\n\n\n\n<p class=\"has-text-align-center\">Email : <a href=\"mailto:e.mounier@emr-consulting.fr\">info@emr-consulting.fr<\/a><\/p>\n\n\n\n<p class=\"has-text-align-center\"><a href=\"http:\/\/www.emr-consulting.fr\/\">www.emr-consulting.fr<\/a><\/p>\n\n\n\n<p class=\"has-text-align-center\">SIRET : 453 880 817 00029<br>N\u00b0 TVA Intracom : FR16453880817<\/p>\n\n\n\n<p class=\"has-text-align-center\"><\/p>\n\n\n\n<p><\/p>\n","protected":false},"excerpt":{"rendered":"<p>Constitu\u00e9 en soci\u00e9t\u00e9 sous le r\u00e9gime auto-entrepreneur, en t\u00e9l\u00e9travail ou dans vos locaux, je limite ainsi les frais d\u2019infrastructure et de fonctionnement pour me concentrer sur les prestations que vous me confiez. Mobile et rompus aux d\u00e9placements, je vais \u00e0 la rencontre des clients et des march\u00e9s, sur les salons comme sur le terrain. EMR [&hellip;]<\/p>\n","protected":false},"author":1,"featured_media":0,"parent":0,"menu_order":0,"comment_status":"closed","ping_status":"closed","template":"","meta":{"footnotes":""},"class_list":["post-17","page","type-page","status-publish","hentry"],"_links":{"self":[{"href":"https:\/\/emr-consulting.fr\/index.php\/wp-json\/wp\/v2\/pages\/17","targetHints":{"allow":["GET"]}}],"collection":[{"href":"https:\/\/emr-consulting.fr\/index.php\/wp-json\/wp\/v2\/pages"}],"about":[{"href":"https:\/\/emr-consulting.fr\/index.php\/wp-json\/wp\/v2\/types\/page"}],"author":[{"embeddable":true,"href":"https:\/\/emr-consulting.fr\/index.php\/wp-json\/wp\/v2\/users\/1"}],"replies":[{"embeddable":true,"href":"https:\/\/emr-consulting.fr\/index.php\/wp-json\/wp\/v2\/comments?post=17"}],"version-history":[{"count":4,"href":"https:\/\/emr-consulting.fr\/index.php\/wp-json\/wp\/v2\/pages\/17\/revisions"}],"predecessor-version":[{"id":36,"href":"https:\/\/emr-consulting.fr\/index.php\/wp-json\/wp\/v2\/pages\/17\/revisions\/36"}],"wp:attachment":[{"href":"https:\/\/emr-consulting.fr\/index.php\/wp-json\/wp\/v2\/media?parent=17"}],"curies":[{"name":"wp","href":"https:\/\/api.w.org\/{rel}","templated":true}]}}