{"id":18,"date":"2022-02-20T19:27:29","date_gmt":"2022-02-20T18:27:29","guid":{"rendered":"http:\/\/emrconr.cluster031.hosting.ovh.net\/?page_id=18"},"modified":"2022-02-20T20:56:15","modified_gmt":"2022-02-20T19:56:15","slug":"le-consultant","status":"publish","type":"page","link":"https:\/\/emr-consulting.fr\/index.php\/le-consultant\/","title":{"rendered":"Le Consultant"},"content":{"rendered":"\n<div class=\"wp-block-media-text alignwide is-stacked-on-mobile is-vertically-aligned-top\" style=\"grid-template-columns:32% auto\"><figure class=\"wp-block-media-text__media\"><img loading=\"lazy\" decoding=\"async\" width=\"708\" height=\"862\" src=\"http:\/\/emrconr.cluster031.hosting.ovh.net\/wp-content\/uploads\/2022\/02\/Photo-identite-manu-recadree.jpeg\" alt=\"\" class=\"wp-image-55 size-full\" srcset=\"https:\/\/emr-consulting.fr\/wp-content\/uploads\/2022\/02\/Photo-identite-manu-recadree.jpeg 708w, https:\/\/emr-consulting.fr\/wp-content\/uploads\/2022\/02\/Photo-identite-manu-recadree-246x300.jpeg 246w\" sizes=\"auto, (max-width: 708px) 100vw, 708px\" \/><\/figure><div class=\"wp-block-media-text__content\">\n<p>\u2022 Ing\u00e9nieur en t\u00e9l\u00e9communications, Emmanuel MOUNIER a acquis une exp\u00e9rience significative en architecture et d\u00e9ploiement de syst\u00e8mes de t\u00e9l\u00e9communication. <\/p>\n\n\n\n<p>\u2022 Co-fondateur de la soci\u00e9t\u00e9 innovante MEDRIA Technologies en 2003, il a \u00e9t\u00e9 un des pionniers des objets connect\u00e9s, notamment dans le domaine de l\u2019agriculture dans lequel il \u00e9volue depuis plus de 17 ans. <\/p>\n\n\n\n<p>\u2022 A l\u2019origine du premier projet de plateforme de monitoring d\u2019animaux d\u2019\u00e9levages avec une architecture cloud, il a d\u00e9velopp\u00e9 une capacit\u00e9 \u00e0 comprendre et expliquer les nouvelles technologies lui permettant ensuite d\u2019animer un \u00e9cosyst\u00e8me de fabricants de solutions connect\u00e9es pour l\u2019agriculture. <\/p>\n\n\n\n<p>\u2022 Directeur du Business d\u00e9veloppement chez Semtech de 2017 \u00e0 2020, Emmanuel dispose aujourd\u2019hui d\u2019un r\u00e9seau mondial de fabricants de solutions connect\u00e9s allant du capteur \u00e0 l\u2019application client en passant par les infrastructures de collecte et d\u2019analyse des donn\u00e9es. <\/p>\n\n\n\n<p>\u2022 Capable d\u2019identifier les besoins clients pour les traduire en sp\u00e9cifications, Emmanuel sera en mesure de regrouper autour d\u2019un projets tous les interlocuteurs pertinents pour assurer le bon d\u00e9roulement du projet, le succ\u00e8s de l\u2019industrialisation du produit et de son lancement commercial.<\/p>\n<\/div><\/div>\n\n\n\n<p><\/p>\n","protected":false},"excerpt":{"rendered":"<p>\u2022 Ing\u00e9nieur en t\u00e9l\u00e9communications, Emmanuel MOUNIER a acquis une exp\u00e9rience significative en architecture et d\u00e9ploiement de syst\u00e8mes de t\u00e9l\u00e9communication. \u2022 Co-fondateur de la soci\u00e9t\u00e9 innovante MEDRIA Technologies en 2003, il a \u00e9t\u00e9 un des pionniers des objets connect\u00e9s, notamment dans le domaine de l\u2019agriculture dans lequel il \u00e9volue depuis plus de 17 ans. \u2022 A [&hellip;]<\/p>\n","protected":false},"author":1,"featured_media":0,"parent":0,"menu_order":0,"comment_status":"closed","ping_status":"closed","template":"","meta":{"footnotes":""},"class_list":["post-18","page","type-page","status-publish","hentry"],"_links":{"self":[{"href":"https:\/\/emr-consulting.fr\/index.php\/wp-json\/wp\/v2\/pages\/18","targetHints":{"allow":["GET"]}}],"collection":[{"href":"https:\/\/emr-consulting.fr\/index.php\/wp-json\/wp\/v2\/pages"}],"about":[{"href":"https:\/\/emr-consulting.fr\/index.php\/wp-json\/wp\/v2\/types\/page"}],"author":[{"embeddable":true,"href":"https:\/\/emr-consulting.fr\/index.php\/wp-json\/wp\/v2\/users\/1"}],"replies":[{"embeddable":true,"href":"https:\/\/emr-consulting.fr\/index.php\/wp-json\/wp\/v2\/comments?post=18"}],"version-history":[{"count":3,"href":"https:\/\/emr-consulting.fr\/index.php\/wp-json\/wp\/v2\/pages\/18\/revisions"}],"predecessor-version":[{"id":56,"href":"https:\/\/emr-consulting.fr\/index.php\/wp-json\/wp\/v2\/pages\/18\/revisions\/56"}],"wp:attachment":[{"href":"https:\/\/emr-consulting.fr\/index.php\/wp-json\/wp\/v2\/media?parent=18"}],"curies":[{"name":"wp","href":"https:\/\/api.w.org\/{rel}","templated":true}]}}